{"id":1030,"date":"2022-10-27T15:26:44","date_gmt":"2022-10-27T15:26:44","guid":{"rendered":"https:\/\/tremblantvr.hostpapadesign.com\/?page_id=1030"},"modified":"2022-12-07T12:00:31","modified_gmt":"2022-12-07T12:00:31","slug":"info-importante-faqs","status":"publish","type":"page","link":"https:\/\/tremblantvr.hostpapadesign.com\/fr\/info-importante-faqs\/","title":{"rendered":"INFO IMPORTANTE &#038; FAQ"},"content":{"rendered":"\t\t<div data-elementor-type=\"wp-page\" data-elementor-id=\"1030\" class=\"elementor elementor-1030\" data-elementor-post-type=\"page\">\n\t\t\t\t\t\t<section class=\"has_eae_slider elementor-section elementor-top-section elementor-element elementor-element-ed8b412 elementor-section-boxed elementor-section-height-default elementor-section-height-default elementor-invisible\" data-id=\"ed8b412\" data-element_type=\"section\" data-settings=\"{&quot;background_background&quot;:&quot;classic&quot;,&quot;background_motion_fx_motion_fx_scrolling&quot;:&quot;yes&quot;,&quot;background_motion_fx_scale_effect&quot;:&quot;yes&quot;,&quot;background_motion_fx_scale_speed&quot;:{&quot;unit&quot;:&quot;px&quot;,&quot;size&quot;:&quot;1&quot;,&quot;sizes&quot;:[]},&quot;animation&quot;:&quot;fadeIn&quot;,&quot;background_motion_fx_scale_direction&quot;:&quot;out-in&quot;,&quot;background_motion_fx_scale_range&quot;:{&quot;unit&quot;:&quot;%&quot;,&quot;size&quot;:&quot;&quot;,&quot;sizes&quot;:{&quot;start&quot;:20,&quot;end&quot;:80}},&quot;background_motion_fx_devices&quot;:[&quot;desktop&quot;,&quot;tablet&quot;,&quot;mobile&quot;]}\">\n\t\t\t\t\t\t\t<div class=\"elementor-background-overlay\"><\/div>\n\t\t\t\t\t\t\t<div class=\"elementor-container elementor-column-gap-default\">\n\t\t\t\t\t<div class=\"has_eae_slider elementor-column elementor-col-100 elementor-top-column elementor-element elementor-element-353c24e\" data-id=\"353c24e\" data-element_type=\"column\">\n\t\t\t<div class=\"elementor-widget-wrap elementor-element-populated\">\n\t\t\t\t\t\t\t<\/div>\n\t\t<\/div>\n\t\t\t\t\t<\/div>\n\t\t<\/section>\n\t\t\t\t<section class=\"has_eae_slider elementor-section elementor-top-section elementor-element elementor-element-335d8350 elementor-section-boxed elementor-section-height-default elementor-section-height-default\" data-id=\"335d8350\" data-element_type=\"section\" data-settings=\"{&quot;background_background&quot;:&quot;classic&quot;}\">\n\t\t\t\t\t\t<div class=\"elementor-container elementor-column-gap-default\">\n\t\t\t\t\t<div class=\"has_eae_slider elementor-column elementor-col-100 elementor-top-column elementor-element elementor-element-4da94d56\" data-id=\"4da94d56\" data-element_type=\"column\">\n\t\t\t<div class=\"elementor-widget-wrap elementor-element-populated\">\n\t\t\t\t\t\t<div class=\"elementor-element elementor-element-87ca558 elementor-invisible elementor-widget elementor-widget-heading\" data-id=\"87ca558\" data-element_type=\"widget\" data-settings=\"{&quot;_animation&quot;:&quot;fadeInRight&quot;,&quot;_animation_delay&quot;:400}\" data-widget_type=\"heading.default\">\n\t\t\t\t<div class=\"elementor-widget-container\">\n\t\t\t\t\t<h2 class=\"elementor-heading-title elementor-size-default\">MISE \u00c0 JOUR 27 JANVIER 2022\n<\/h2>\t\t\t\t<\/div>\n\t\t\t\t<\/div>\n\t\t\t\t<div class=\"elementor-element elementor-element-f7c75c2 elementor-invisible elementor-widget elementor-widget-heading\" data-id=\"f7c75c2\" data-element_type=\"widget\" data-settings=\"{&quot;_animation&quot;:&quot;fadeInRight&quot;,&quot;_animation_delay&quot;:400}\" data-widget_type=\"heading.default\">\n\t\t\t\t<div class=\"elementor-widget-container\">\n\t\t\t\t\t<h2 class=\"elementor-heading-title elementor-size-default\">LES LOCATIONS DE CASQUES VR INC. TOUS LES JEUX SONT DISPONIBLES MAINTENANT AVEC UNE R\u00c9SERVATION.\nNOUS R\u00c9OUVRONS POUR LES S\u00c9ANCES DE JEU EN INT\u00c9RIEUR \u00c0 PARTIR DU 7 F\u00c9VRIER.<\/h2>\t\t\t\t<\/div>\n\t\t\t\t<\/div>\n\t\t\t\t<div class=\"elementor-element elementor-element-396b9f30 elementor-invisible elementor-widget elementor-widget-text-editor\" data-id=\"396b9f30\" data-element_type=\"widget\" data-settings=\"{&quot;_animation&quot;:&quot;fadeInUp&quot;,&quot;_animation_delay&quot;:&quot;200&quot;}\" data-widget_type=\"text-editor.default\">\n\t\t\t\t<div class=\"elementor-widget-container\">\n\t\t\t\t\t\t\t\t\t<p>Les masques faciaux doivent toujours \u00eatre port\u00e9s par toute personne de plus de 12 ans \u00e0 l&rsquo;int\u00e9rieur du centre VR si elle ne joue pas. Les masques peuvent \u00eatre retir\u00e9s une fois dans une station de jeu VR<\/p><p>En raison de nouvelles restrictions de capacit\u00e9, un maximum de 1 joueur et 1 spectateur (ami\/parent ou membre de la famille) seront autoris\u00e9s \u00e0 l&rsquo;int\u00e9rieur \u00e0 la fois PAR station VR. Nous avons 5 stations &#8211; notre capacit\u00e9 est donc limit\u00e9e \u00e0 10 personnes \u00e0 l&rsquo;int\u00e9rieur \u00e0 la fois.<\/p><p>Les enfants de moins de 12 ans doivent \u00eatre accompagn\u00e9s d&rsquo;un adulte. Les participants de 18\u00a0ans et plus ou les parents des participants (u18) doivent signer une d\u00e9charge de participation avant de jouer \u00e0 la VR.<\/p><p>L&rsquo;\u00e2ge minimum pour les man\u00e8ges de montagnes russes est de 5 ans, pour toutes les autres exp\u00e9riences VR, il est de 7 ans.<\/p><p>Aucune nourriture ou boisson ext\u00e9rieure n&rsquo;est autoris\u00e9e dans le centre VR (sauf s&rsquo;il s&rsquo;agit d&rsquo;une r\u00e9servation de groupe priv\u00e9e ou d&rsquo;une f\u00eate d&rsquo;anniversaire priv\u00e9e)<\/p><p>Suivez toujours les instructions du personnel. Vous serez factur\u00e9 pour le co\u00fbt de remplacement si vous endommagez ou cassez l&rsquo;\u00e9quipement.<\/p><p>Veuillez noter qu&rsquo;il n&rsquo;y a qu&rsquo;une seule petite salle de bain unisexe dans le VR Center. Il y a d&rsquo;autres salles de bain \u00e0 proximit\u00e9 \u00e0 l&rsquo;ext\u00e9rieur du centre VR.<\/p>\t\t\t\t\t\t\t\t<\/div>\n\t\t\t\t<\/div>\n\t\t\t\t<div class=\"elementor-element elementor-element-a7cb78c elementor-invisible elementor-widget elementor-widget-heading\" data-id=\"a7cb78c\" data-element_type=\"widget\" data-settings=\"{&quot;_animation&quot;:&quot;fadeInRight&quot;,&quot;_animation_delay&quot;:400}\" data-widget_type=\"heading.default\">\n\t\t\t\t<div class=\"elementor-widget-container\">\n\t\t\t\t\t<h2 class=\"elementor-heading-title elementor-size-default\">POLITIQUE DE R\u00c9SERVATION ET D\u2019ANNULATION\n<\/h2>\t\t\t\t<\/div>\n\t\t\t\t<\/div>\n\t\t\t\t<div class=\"elementor-element elementor-element-140797e3 elementor-invisible elementor-widget elementor-widget-text-editor\" data-id=\"140797e3\" data-element_type=\"widget\" data-settings=\"{&quot;_animation&quot;:&quot;fadeInUp&quot;,&quot;_animation_delay&quot;:&quot;200&quot;}\" data-widget_type=\"text-editor.default\">\n\t\t\t\t<div class=\"elementor-widget-container\">\n\t\t\t\t\t\t\t\t\t<div class=\"wpb_text_column wpb_content_element \"><div class=\"wpb_wrapper\"><p>Le paiement int\u00e9gral est exig\u00e9 lors de la r\u00e9servation afin de r\u00e9server vos places.<\/p><p>Politique d\u2019annulation pour les particuliers<br \/>Peut \u00eatre annul\u00e9 sans p\u00e9nalit\u00e9 jusqu\u2019\u00e0 24 heures avant l\u2019heure de d\u00e9but.<br \/>Les annulations dans les 24 heures, les absences ou les retards ne sont pas remboursables.<\/p><\/div><\/div>\t\t\t\t\t\t\t\t<\/div>\n\t\t\t\t<\/div>\n\t\t\t\t\t<\/div>\n\t\t<\/div>\n\t\t\t\t\t<\/div>\n\t\t<\/section>\n\t\t\t\t<section class=\"has_eae_slider elementor-section elementor-top-section elementor-element elementor-element-2b9b3d40 elementor-section-boxed elementor-section-height-default elementor-section-height-default\" data-id=\"2b9b3d40\" data-element_type=\"section\" data-settings=\"{&quot;background_background&quot;:&quot;classic&quot;}\">\n\t\t\t\t\t\t<div class=\"elementor-container elementor-column-gap-default\">\n\t\t\t\t\t<div class=\"has_eae_slider elementor-column elementor-col-100 elementor-top-column elementor-element elementor-element-1d654090 elementor-invisible\" data-id=\"1d654090\" data-element_type=\"column\" data-settings=\"{&quot;background_background&quot;:&quot;classic&quot;,&quot;animation&quot;:&quot;fadeIn&quot;}\">\n\t\t\t<div class=\"elementor-widget-wrap elementor-element-populated\">\n\t\t\t\t\t\t<section class=\"has_eae_slider elementor-section elementor-inner-section elementor-element elementor-element-4c60a2e elementor-section-full_width elementor-section-height-default elementor-section-height-default\" data-id=\"4c60a2e\" data-element_type=\"section\">\n\t\t\t\t\t\t<div class=\"elementor-container elementor-column-gap-default\">\n\t\t\t\t\t<div class=\"has_eae_slider elementor-column elementor-col-100 elementor-inner-column elementor-element elementor-element-23664c75 elementor-invisible\" data-id=\"23664c75\" data-element_type=\"column\" data-settings=\"{&quot;animation&quot;:&quot;fadeInLeft&quot;,&quot;animation_mobile&quot;:&quot;fadeIn&quot;}\">\n\t\t\t<div class=\"elementor-widget-wrap elementor-element-populated\">\n\t\t\t\t\t\t<div class=\"elementor-element elementor-element-34f32a82 envato-kit-221-accordion-style elementor-widget elementor-widget-accordion\" data-id=\"34f32a82\" data-element_type=\"widget\" data-widget_type=\"accordion.default\">\n\t\t\t\t<div class=\"elementor-widget-container\">\n\t\t\t\t\t\t\t<div class=\"elementor-accordion\">\n\t\t\t\t\t\t\t<div class=\"elementor-accordion-item\">\n\t\t\t\t\t<div id=\"elementor-tab-title-8881\" class=\"elementor-tab-title\" data-tab=\"1\" role=\"button\" aria-controls=\"elementor-tab-content-8881\" aria-expanded=\"false\">\n\t\t\t\t\t\t\t\t\t\t\t\t\t<span class=\"elementor-accordion-icon elementor-accordion-icon-right\" aria-hidden=\"true\">\n\t\t\t\t\t\t\t\t\t\t\t\t\t\t\t<span class=\"elementor-accordion-icon-closed\"><i class=\"fas fa-caret-down\"><\/i><\/span>\n\t\t\t\t\t\t\t\t<span class=\"elementor-accordion-icon-opened\"><i class=\"fas fa-caret-up\"><\/i><\/span>\n\t\t\t\t\t\t\t\t\t\t\t\t\t\t<\/span>\n\t\t\t\t\t\t\t\t\t\t\t\t<a class=\"elementor-accordion-title\" tabindex=\"0\">Quel est l\u2019\u00e2ge minimum requis?<\/a>\n\t\t\t\t\t<\/div>\n\t\t\t\t\t<div id=\"elementor-tab-content-8881\" class=\"elementor-tab-content elementor-clearfix\" data-tab=\"1\" role=\"region\" aria-labelledby=\"elementor-tab-title-8881\"><p>Les montagnes russes VR sont adapt\u00e9es aux enfants de 5 ans et plus.<br \/>Nos autres exp\u00e9riences de RV conviennent mieux aux enfants de 7 ans et plus.<br \/>Pour les simulateurs de conduite, il faut mesurer au moins 4\u201911 pour atteindre les p\u00e9dales.<\/p><p>N\u2019oubliez pas que les enfants de moins de 12 ans doivent toujours \u00eatre surveill\u00e9s par UN parent\/adulte dans le centre.<\/p><p>Certains jeux de RV, par exemple les th\u00e8mes d\u2019effroi, sont limit\u00e9s en \u00e2ge et peuvent ne pas convenir aux jeunes enfants. Notre personnel vous aidera \u00e0 choisir les meilleures exp\u00e9riences.<\/p><\/div>\n\t\t\t\t<\/div>\n\t\t\t\t\t\t\t<div class=\"elementor-accordion-item\">\n\t\t\t\t\t<div id=\"elementor-tab-title-8882\" class=\"elementor-tab-title\" data-tab=\"2\" role=\"button\" aria-controls=\"elementor-tab-content-8882\" aria-expanded=\"false\">\n\t\t\t\t\t\t\t\t\t\t\t\t\t<span class=\"elementor-accordion-icon elementor-accordion-icon-right\" aria-hidden=\"true\">\n\t\t\t\t\t\t\t\t\t\t\t\t\t\t\t<span class=\"elementor-accordion-icon-closed\"><i class=\"fas fa-caret-down\"><\/i><\/span>\n\t\t\t\t\t\t\t\t<span class=\"elementor-accordion-icon-opened\"><i class=\"fas fa-caret-up\"><\/i><\/span>\n\t\t\t\t\t\t\t\t\t\t\t\t\t\t<\/span>\n\t\t\t\t\t\t\t\t\t\t\t\t<a class=\"elementor-accordion-title\" tabindex=\"0\">Avez-vous acc\u00e8s adapt\u00e9s aux fauteuils roulants?<\/a>\n\t\t\t\t\t<\/div>\n\t\t\t\t\t<div id=\"elementor-tab-content-8882\" class=\"elementor-tab-content elementor-clearfix\" data-tab=\"2\" role=\"region\" aria-labelledby=\"elementor-tab-title-8882\"><p>Oui et nous avons beaucoup d\u2019exp\u00e9riences et de jeux qui sont parfaits pour les personnes \u00e0 mobilit\u00e9 r\u00e9duite ou ayant certains besoins sp\u00e9ciaux. Veuillez noter qu\u2019il n\u2019y a qu\u2019une seule petite salle de bain unisexe dans le Centre de RV et qu\u2019elle n\u2019est malheureusement pas accessible pour les fauteuils roulants. Il y a cependant d\u2019autres installations \u00e0 proximit\u00e9, \u00e0 l\u2019ext\u00e9rieur du Centre de RV<\/p><\/div>\n\t\t\t\t<\/div>\n\t\t\t\t\t\t\t<div class=\"elementor-accordion-item\">\n\t\t\t\t\t<div id=\"elementor-tab-title-8883\" class=\"elementor-tab-title\" data-tab=\"3\" role=\"button\" aria-controls=\"elementor-tab-content-8883\" aria-expanded=\"false\">\n\t\t\t\t\t\t\t\t\t\t\t\t\t<span class=\"elementor-accordion-icon elementor-accordion-icon-right\" aria-hidden=\"true\">\n\t\t\t\t\t\t\t\t\t\t\t\t\t\t\t<span class=\"elementor-accordion-icon-closed\"><i class=\"fas fa-caret-down\"><\/i><\/span>\n\t\t\t\t\t\t\t\t<span class=\"elementor-accordion-icon-opened\"><i class=\"fas fa-caret-up\"><\/i><\/span>\n\t\t\t\t\t\t\t\t\t\t\t\t\t\t<\/span>\n\t\t\t\t\t\t\t\t\t\t\t\t<a class=\"elementor-accordion-title\" tabindex=\"0\">Puis-je partager mon temps avec quelqu\u2019un?<\/a>\n\t\t\t\t\t<\/div>\n\t\t\t\t\t<div id=\"elementor-tab-content-8883\" class=\"elementor-tab-content elementor-clearfix\" data-tab=\"3\" role=\"region\" aria-labelledby=\"elementor-tab-title-8883\"><p>Pour les r\u00e9servations dans les stations VR et les courses sim, vous pouvez partager votre temps \/ \u00e9quipement avec 1 ami \/ membre de la famille sans frais suppl\u00e9mentaires. Nous vous recommandons de r\u00e9server pour une heure ou plus si vous partagez, afin que tout le monde ait suffisamment de temps pour jouer.<\/p><p>Veuillez noter : pour des raisons de sant\u00e9 et de s\u00e9curit\u00e9, seul un joueur et un ami\/spectateur de la famille peuvent \u00eatre autoris\u00e9s dans le centre de RV par station\/session.<\/p><\/div>\n\t\t\t\t<\/div>\n\t\t\t\t\t\t\t<div class=\"elementor-accordion-item\">\n\t\t\t\t\t<div id=\"elementor-tab-title-8884\" class=\"elementor-tab-title\" data-tab=\"4\" role=\"button\" aria-controls=\"elementor-tab-content-8884\" aria-expanded=\"false\">\n\t\t\t\t\t\t\t\t\t\t\t\t\t<span class=\"elementor-accordion-icon elementor-accordion-icon-right\" aria-hidden=\"true\">\n\t\t\t\t\t\t\t\t\t\t\t\t\t\t\t<span class=\"elementor-accordion-icon-closed\"><i class=\"fas fa-caret-down\"><\/i><\/span>\n\t\t\t\t\t\t\t\t<span class=\"elementor-accordion-icon-opened\"><i class=\"fas fa-caret-up\"><\/i><\/span>\n\t\t\t\t\t\t\t\t\t\t\t\t\t\t<\/span>\n\t\t\t\t\t\t\t\t\t\t\t\t<a class=\"elementor-accordion-title\" tabindex=\"0\">Vendez-vous du mat\u00e9riel de RV ?<\/a>\n\t\t\t\t\t<\/div>\n\t\t\t\t\t<div id=\"elementor-tab-content-8884\" class=\"elementor-tab-content elementor-clearfix\" data-tab=\"4\" role=\"region\" aria-labelledby=\"elementor-tab-title-8884\"><p>Nous ne vendons pas d\u2019\u00e9quipement actuellement, mais nous louons les nouveau haute technologie casques de RV avec les jeux, pour ramener \u00e0 votre logement pour des p\u00e9riodes de 24 heures.<\/p><\/div>\n\t\t\t\t<\/div>\n\t\t\t\t\t\t\t<div class=\"elementor-accordion-item\">\n\t\t\t\t\t<div id=\"elementor-tab-title-8885\" class=\"elementor-tab-title\" data-tab=\"5\" role=\"button\" aria-controls=\"elementor-tab-content-8885\" aria-expanded=\"false\">\n\t\t\t\t\t\t\t\t\t\t\t\t\t<span class=\"elementor-accordion-icon elementor-accordion-icon-right\" aria-hidden=\"true\">\n\t\t\t\t\t\t\t\t\t\t\t\t\t\t\t<span class=\"elementor-accordion-icon-closed\"><i class=\"fas fa-caret-down\"><\/i><\/span>\n\t\t\t\t\t\t\t\t<span class=\"elementor-accordion-icon-opened\"><i class=\"fas fa-caret-up\"><\/i><\/span>\n\t\t\t\t\t\t\t\t\t\t\t\t\t\t<\/span>\n\t\t\t\t\t\t\t\t\t\t\t\t<a class=\"elementor-accordion-title\" tabindex=\"0\">Si j\u2019organise un \u00e9v\u00e9nement priv\u00e9, puis-je apporter ma propre nourriture \/ boisson \/ alcool ?<\/a>\n\t\t\t\t\t<\/div>\n\t\t\t\t\t<div id=\"elementor-tab-content-8885\" class=\"elementor-tab-content elementor-clearfix\" data-tab=\"5\" role=\"region\" aria-labelledby=\"elementor-tab-title-8885\"><div class=\"wpb_text_column wpb_content_element \"><div class=\"wpb_wrapper\"><p>Pour les f\u00eates priv\u00e9es d\u2019adultes (18 ans et plus), vous pouvez apporter votre propre alcool mais aussi vos propres verres en plastique. Pour les f\u00eates d\u2019anniversaire des enfants, vous pouvez apporter des g\u00e2teaux avec des couverts jetables. Vous devez ranger et emporter tout avec vous par la suite. Des boissons non alcoolis\u00e9es sont en vente au centre VR.<\/p><\/div><\/div><\/div>\n\t\t\t\t<\/div>\n\t\t\t\t\t\t\t<div class=\"elementor-accordion-item\">\n\t\t\t\t\t<div id=\"elementor-tab-title-8886\" class=\"elementor-tab-title\" data-tab=\"6\" role=\"button\" aria-controls=\"elementor-tab-content-8886\" aria-expanded=\"false\">\n\t\t\t\t\t\t\t\t\t\t\t\t\t<span class=\"elementor-accordion-icon elementor-accordion-icon-right\" aria-hidden=\"true\">\n\t\t\t\t\t\t\t\t\t\t\t\t\t\t\t<span class=\"elementor-accordion-icon-closed\"><i class=\"fas fa-caret-down\"><\/i><\/span>\n\t\t\t\t\t\t\t\t<span class=\"elementor-accordion-icon-opened\"><i class=\"fas fa-caret-up\"><\/i><\/span>\n\t\t\t\t\t\t\t\t\t\t\t\t\t\t<\/span>\n\t\t\t\t\t\t\t\t\t\t\t\t<a class=\"elementor-accordion-title\" tabindex=\"0\">If I\u2019m organizing a private party \u2013 can I bring my own food\/drinks\/alcohol?<\/a>\n\t\t\t\t\t<\/div>\n\t\t\t\t\t<div id=\"elementor-tab-content-8886\" class=\"elementor-tab-content elementor-clearfix\" data-tab=\"6\" role=\"region\" aria-labelledby=\"elementor-tab-title-8886\"><div class=\"wpb_text_column wpb_content_element \"><div class=\"wpb_wrapper\"><p>For adults private parties (18yrs+) you may bring your own alcohol but also bring your own plastic cups.\u00a0 For children\u2019s birthday parties you may bring cake with disposable cutlery. You must tidy up and take everything with you afterwards. Soft drinks are available for sale at the VR center.<\/p><\/div><\/div><\/div>\n\t\t\t\t<\/div>\n\t\t\t\t\t\t\t\t<\/div>\n\t\t\t\t\t\t<\/div>\n\t\t\t\t<\/div>\n\t\t\t\t<div class=\"elementor-element elementor-element-8a1e58b elementor-align-center elementor-mobile-align-justify elementor-invisible elementor-widget elementor-widget-button\" data-id=\"8a1e58b\" data-element_type=\"widget\" data-settings=\"{&quot;_animation&quot;:&quot;fadeInRight&quot;,&quot;_animation_delay&quot;:600}\" data-widget_type=\"button.default\">\n\t\t\t\t<div class=\"elementor-widget-container\">\n\t\t\t\t\t\t\t\t\t<div class=\"elementor-button-wrapper\">\n\t\t\t\t\t<a class=\"elementor-button elementor-button-link elementor-size-sm elementor-animation-float\" href=\"\/contact\/\">\n\t\t\t\t\t\t<span class=\"elementor-button-content-wrapper\">\n\t\t\t\t\t\t<span class=\"elementor-button-icon\">\n\t\t\t\t\t\t\t<\/span>\n\t\t\t\t\t\t\t\t\t<span class=\"elementor-button-text\">N\u2019h\u00e9sitez pas \u00e0 communiquer avec nous toute autre question. contactez nous ici<\/span>\n\t\t\t\t\t<\/span>\n\t\t\t\t\t<\/a>\n\t\t\t\t<\/div>\n\t\t\t\t\t\t\t\t<\/div>\n\t\t\t\t<\/div>\n\t\t\t\t\t<\/div>\n\t\t<\/div>\n\t\t\t\t\t<\/div>\n\t\t<\/section>\n\t\t\t\t\t<\/div>\n\t\t<\/div>\n\t\t\t\t\t<\/div>\n\t\t<\/section>\n\t\t\t\t<\/div>\n\t\t","protected":false},"excerpt":{"rendered":"<p>MISE \u00c0 JOUR 27 JANVIER 2022 LES LOCATIONS DE CASQUES VR INC. TOUS LES JEUX SONT DISPONIBLES MAINTENANT AVEC UNE R\u00c9SERVATION. NOUS R\u00c9OUVRONS POUR LES S\u00c9ANCES DE JEU EN INT\u00c9RIEUR \u00c0 PARTIR DU 7 F\u00c9VRIER. Les masques faciaux doivent toujours \u00eatre port\u00e9s par toute personne de plus de 12 ans \u00e0 l&rsquo;int\u00e9rieur du centre VR [&hellip;]<\/p>\n","protected":false},"author":1,"featured_media":0,"parent":0,"menu_order":0,"comment_status":"closed","ping_status":"closed","template":"","meta":{"footnotes":""},"class_list":["post-1030","page","type-page","status-publish","hentry"],"_links":{"self":[{"href":"https:\/\/tremblantvr.hostpapadesign.com\/fr\/wp-json\/wp\/v2\/pages\/1030","targetHints":{"allow":["GET"]}}],"collection":[{"href":"https:\/\/tremblantvr.hostpapadesign.com\/fr\/wp-json\/wp\/v2\/pages"}],"about":[{"href":"https:\/\/tremblantvr.hostpapadesign.com\/fr\/wp-json\/wp\/v2\/types\/page"}],"author":[{"embeddable":true,"href":"https:\/\/tremblantvr.hostpapadesign.com\/fr\/wp-json\/wp\/v2\/users\/1"}],"replies":[{"embeddable":true,"href":"https:\/\/tremblantvr.hostpapadesign.com\/fr\/wp-json\/wp\/v2\/comments?post=1030"}],"version-history":[{"count":9,"href":"https:\/\/tremblantvr.hostpapadesign.com\/fr\/wp-json\/wp\/v2\/pages\/1030\/revisions"}],"predecessor-version":[{"id":1122,"href":"https:\/\/tremblantvr.hostpapadesign.com\/fr\/wp-json\/wp\/v2\/pages\/1030\/revisions\/1122"}],"wp:attachment":[{"href":"https:\/\/tremblantvr.hostpapadesign.com\/fr\/wp-json\/wp\/v2\/media?parent=1030"}],"curies":[{"name":"wp","href":"https:\/\/api.w.org\/{rel}","templated":true}]}}